{"id":2697,"date":"2023-02-20T09:45:02","date_gmt":"2023-02-20T09:45:02","guid":{"rendered":"https:\/\/rapidlakelodge.com\/tarifs-et-conditions\/"},"modified":"2023-02-20T09:49:30","modified_gmt":"2023-02-20T09:49:30","slug":"tarifs-et-conditions","status":"publish","type":"page","link":"https:\/\/rapidlakelodge.com\/fr\/tarifs-et-conditions\/","title":{"rendered":"Tarifs et conditions"},"content":{"rendered":"\t\t<div data-elementor-type=\"wp-page\" data-elementor-id=\"2697\" class=\"elementor elementor-2697 elementor-2689\">\n\t\t\t\t\t\t\t\t\t<section class=\"elementor-section elementor-top-section elementor-element elementor-element-4a577ce elementor-section-boxed elementor-section-height-default elementor-section-height-default\" data-id=\"4a577ce\" data-element_type=\"section\">\n\t\t\t\t\t\t<div class=\"elementor-container elementor-column-gap-default\">\n\t\t\t\t\t<div class=\"elementor-column elementor-col-100 elementor-top-column elementor-element elementor-element-2660008\" data-id=\"2660008\" data-element_type=\"column\">\n\t\t\t<div class=\"elementor-widget-wrap elementor-element-populated\">\n\t\t\t\t\t\t\t\t<div class=\"elementor-element elementor-element-c8ae5de elementor-widget elementor-widget-heading\" data-id=\"c8ae5de\" data-element_type=\"widget\" data-widget_type=\"heading.default\">\n\t\t\t\t<div class=\"elementor-widget-container\">\n\t\t\t<style>\/*! elementor - v3.11.5 - 14-03-2023 *\/\n.elementor-heading-title{padding:0;margin:0;line-height:1}.elementor-widget-heading .elementor-heading-title[class*=elementor-size-]>a{color:inherit;font-size:inherit;line-height:inherit}.elementor-widget-heading .elementor-heading-title.elementor-size-small{font-size:15px}.elementor-widget-heading .elementor-heading-title.elementor-size-medium{font-size:19px}.elementor-widget-heading .elementor-heading-title.elementor-size-large{font-size:29px}.elementor-widget-heading .elementor-heading-title.elementor-size-xl{font-size:39px}.elementor-widget-heading .elementor-heading-title.elementor-size-xxl{font-size:59px}<\/style><h2 class=\"elementor-heading-title elementor-size-default\">Tarifs et conditions<\/h2>\t\t<\/div>\n\t\t\t\t<\/div>\n\t\t\t\t<div class=\"elementor-element elementor-element-ac662b7 elementor-widget elementor-widget-text-editor\" data-id=\"ac662b7\" data-element_type=\"widget\" data-widget_type=\"text-editor.default\">\n\t\t\t\t<div class=\"elementor-widget-container\">\n\t\t\t<style>\/*! elementor - v3.11.5 - 14-03-2023 *\/\n.elementor-widget-text-editor.elementor-drop-cap-view-stacked .elementor-drop-cap{background-color:#818a91;color:#fff}.elementor-widget-text-editor.elementor-drop-cap-view-framed .elementor-drop-cap{color:#818a91;border:3px solid;background-color:transparent}.elementor-widget-text-editor:not(.elementor-drop-cap-view-default) .elementor-drop-cap{margin-top:8px}.elementor-widget-text-editor:not(.elementor-drop-cap-view-default) .elementor-drop-cap-letter{width:1em;height:1em}.elementor-widget-text-editor .elementor-drop-cap{float:left;text-align:center;line-height:1;font-size:50px}.elementor-widget-text-editor .elementor-drop-cap-letter{display:inline-block}<\/style>\t\t\t\t<p>Pour les groupes de 1 \u00e0 6 personnes : $4,790 us\/par personne<\/p>\n<p>Du vendredi au vendredi, 7 nuits \/ 6 jours d&#8217;atelier photo*.<\/p>\n<p>* Possibilit\u00e9 de se lancer ou d&#8217;avoir du temps de p\u00eache<\/p>\n<p><strong>Modalit\u00e9s et conditions<\/strong><\/p>\n<p>Un d\u00e9p\u00f4t de 2 500 $ est requis pour confirmer votre r\u00e9servation. Le solde du forfait est payable 90 jours avant votre arriv\u00e9e. Aucun rabais pour un s\u00e9jour \u00e9court\u00e9 ou un suppl\u00e9ment pour un s\u00e9jour prolong\u00e9 en raison des conditions m\u00e9t\u00e9orologiques. L&#8217;acompte n&#8217;est pas remboursable mais est transf\u00e9rable \u00e0 une autre date ou \u00e0 une autre personne que vous aurez d\u00e9sign\u00e9e. Tout vol suppl\u00e9mentaire d\u00fb \u00e0 une surcharge de poids sera \u00e0 la charge du client. Limite de poids des bagages par personne : 60 lbs ou 27 Kg.<\/p>\n<p>Les services propos\u00e9s sont les suivants<\/p>\n<p>Vol aller-retour Montr\u00e9al\/Kuujjuaq<\/p>\n<p>Transfert en hydravion vers et depuis Kuujjuaq\/Black Point<\/p>\n<p>H\u00e9bergement, literie et serviettes<\/p>\n<p>Tous les repas sont servis dans le camp<\/p>\n<p>Les guides<\/p>\n<p>Bateau, moteur et essence<\/p>\n<p>Gilet de sauvetage<\/p>\n<p>Toutes les taxes<\/p>\n<p>Services non inclus<\/p>\n<p>Repas \u00e0 Kuujjuaq<\/p>\n<p>Nuit suppl\u00e9mentaire \u00e0 Kuujjuaq*.<\/p>\n<p>Vos boissons alcoolis\u00e9es (achats possibles \u00e0 la SAQ \u00e0 Montr\u00e9al)<\/p>\n<p>Pourboires et gratifications<\/p>\n<p>* Annulation et report de l&#8217;hydravion (casse, m\u00e9t\u00e9o, etc&#8230;)<\/p>\n\t\t\t\t\t\t<\/div>\n\t\t\t\t<\/div>\n\t\t\t\t\t<\/div>\n\t\t<\/div>\n\t\t\t\t\t\t\t<\/div>\n\t\t<\/section>\n\t\t\t\t\t\t\t<\/div>\n\t\t","protected":false},"excerpt":{"rendered":"<p>Tarifs et conditions Pour les groupes de 1 \u00e0 6 personnes : $4,790 us\/par personne Du vendredi au vendredi, 7 nuits \/ 6 jours d&#8217;atelier photo*. * Possibilit\u00e9 de se lancer ou d&#8217;avoir du temps de p\u00eache Modalit\u00e9s et conditions Un d\u00e9p\u00f4t de 2 500 $ est requis pour confirmer votre r\u00e9servation. Le solde du &hellip;<\/p>\n<p class=\"read-more\"> <a class=\"\" href=\"https:\/\/rapidlakelodge.com\/fr\/tarifs-et-conditions\/\"> <span class=\"screen-reader-text\">Tarifs et conditions<\/span> Lire la suite\u00a0\u00bb<\/a><\/p>\n","protected":false},"author":1,"featured_media":0,"parent":0,"menu_order":0,"comment_status":"closed","ping_status":"closed","template":"","meta":{"site-sidebar-layout":"no-sidebar","site-content-layout":"page-builder","ast-global-header-display":"","ast-main-header-display":"","ast-hfb-above-header-display":"","ast-hfb-below-header-display":"","ast-hfb-mobile-header-display":"","site-post-title":"disabled","ast-breadcrumbs-content":"","ast-featured-img":"disabled","footer-sml-layout":"","theme-transparent-header-meta":"","adv-header-id-meta":"","stick-header-meta":"","header-above-stick-meta":"","header-main-stick-meta":"","header-below-stick-meta":"","footnotes":""},"class_list":["post-2697","page","type-page","status-publish","hentry"],"yoast_head":"<!-- This site is optimized with the Yoast SEO plugin v21.0 - https:\/\/yoast.com\/wordpress\/plugins\/seo\/ -->\n<title>Tarifs et conditions - Rapid Lake Lodge<\/title>\n<meta name=\"robots\" content=\"index, follow, max-snippet:-1, max-image-preview:large, max-video-preview:-1\" \/>\n<link rel=\"canonical\" href=\"https:\/\/rapidlakelodge.com\/fr\/tarifs-et-conditions\/\" \/>\n<meta property=\"og:locale\" content=\"fr_FR\" \/>\n<meta property=\"og:type\" content=\"article\" \/>\n<meta property=\"og:title\" content=\"Tarifs et conditions - Rapid Lake Lodge\" \/>\n<meta property=\"og:description\" content=\"Tarifs et conditions Pour les groupes de 1 \u00e0 6 personnes : $4,790 us\/par personne Du vendredi au vendredi, 7 nuits \/ 6 jours d&#8217;atelier photo*. * Possibilit\u00e9 de se lancer ou d&#8217;avoir du temps de p\u00eache Modalit\u00e9s et conditions Un d\u00e9p\u00f4t de 2 500 $ est requis pour confirmer votre r\u00e9servation. Le solde du &hellip; Tarifs et conditions Lire la suite\u00a0\u00bb\" \/>\n<meta property=\"og:url\" content=\"https:\/\/rapidlakelodge.com\/fr\/tarifs-et-conditions\/\" \/>\n<meta property=\"og:site_name\" content=\"Rapid Lake Lodge\" \/>\n<meta property=\"article:modified_time\" content=\"2023-02-20T09:49:30+00:00\" \/>\n<meta name=\"twitter:card\" content=\"summary_large_image\" \/>\n<meta name=\"twitter:label1\" content=\"Dur\u00e9e de lecture estim\u00e9e\" \/>\n\t<meta name=\"twitter:data1\" content=\"1 minute\" \/>\n<script type=\"application\/ld+json\" class=\"yoast-schema-graph\">{\"@context\":\"https:\/\/schema.org\",\"@graph\":[{\"@type\":\"WebPage\",\"@id\":\"https:\/\/rapidlakelodge.com\/fr\/tarifs-et-conditions\/\",\"url\":\"https:\/\/rapidlakelodge.com\/fr\/tarifs-et-conditions\/\",\"name\":\"Tarifs et conditions - Rapid Lake Lodge\",\"isPartOf\":{\"@id\":\"https:\/\/rapidlakelodge.com\/fr\/#website\"},\"datePublished\":\"2023-02-20T09:45:02+00:00\",\"dateModified\":\"2023-02-20T09:49:30+00:00\",\"breadcrumb\":{\"@id\":\"https:\/\/rapidlakelodge.com\/fr\/tarifs-et-conditions\/#breadcrumb\"},\"inLanguage\":\"fr-FR\",\"potentialAction\":[{\"@type\":\"ReadAction\",\"target\":[\"https:\/\/rapidlakelodge.com\/fr\/tarifs-et-conditions\/\"]}]},{\"@type\":\"BreadcrumbList\",\"@id\":\"https:\/\/rapidlakelodge.com\/fr\/tarifs-et-conditions\/#breadcrumb\",\"itemListElement\":[{\"@type\":\"ListItem\",\"position\":1,\"name\":\"Home\",\"item\":\"https:\/\/rapidlakelodge.com\/fr\/\"},{\"@type\":\"ListItem\",\"position\":2,\"name\":\"Tarifs et conditions\"}]},{\"@type\":\"WebSite\",\"@id\":\"https:\/\/rapidlakelodge.com\/fr\/#website\",\"url\":\"https:\/\/rapidlakelodge.com\/fr\/\",\"name\":\"Rapid Lake Lodge\",\"description\":\"Tourism\",\"publisher\":{\"@id\":\"https:\/\/rapidlakelodge.com\/fr\/#organization\"},\"potentialAction\":[{\"@type\":\"SearchAction\",\"target\":{\"@type\":\"EntryPoint\",\"urlTemplate\":\"https:\/\/rapidlakelodge.com\/fr\/?s={search_term_string}\"},\"query-input\":\"required name=search_term_string\"}],\"inLanguage\":\"fr-FR\"},{\"@type\":\"Organization\",\"@id\":\"https:\/\/rapidlakelodge.com\/fr\/#organization\",\"name\":\"Rapid Lake Lodge\",\"url\":\"https:\/\/rapidlakelodge.com\/fr\/\",\"logo\":{\"@type\":\"ImageObject\",\"inLanguage\":\"fr-FR\",\"@id\":\"https:\/\/rapidlakelodge.com\/fr\/#\/schema\/logo\/image\/\",\"url\":\"https:\/\/rapidlakelodge.com\/wp-content\/uploads\/2023\/01\/logoweb-RLL-noir.png\",\"contentUrl\":\"https:\/\/rapidlakelodge.com\/wp-content\/uploads\/2023\/01\/logoweb-RLL-noir.png\",\"width\":1920,\"height\":1080,\"caption\":\"Rapid Lake Lodge\"},\"image\":{\"@id\":\"https:\/\/rapidlakelodge.com\/fr\/#\/schema\/logo\/image\/\"}}]}<\/script>\n<!-- \/ Yoast SEO plugin. -->","yoast_head_json":{"title":"Tarifs et conditions - Rapid Lake Lodge","robots":{"index":"index","follow":"follow","max-snippet":"max-snippet:-1","max-image-preview":"max-image-preview:large","max-video-preview":"max-video-preview:-1"},"canonical":"https:\/\/rapidlakelodge.com\/fr\/tarifs-et-conditions\/","og_locale":"fr_FR","og_type":"article","og_title":"Tarifs et conditions - Rapid Lake Lodge","og_description":"Tarifs et conditions Pour les groupes de 1 \u00e0 6 personnes : $4,790 us\/par personne Du vendredi au vendredi, 7 nuits \/ 6 jours d&#8217;atelier photo*. * Possibilit\u00e9 de se lancer ou d&#8217;avoir du temps de p\u00eache Modalit\u00e9s et conditions Un d\u00e9p\u00f4t de 2 500 $ est requis pour confirmer votre r\u00e9servation. Le solde du &hellip; Tarifs et conditions Lire la suite\u00a0\u00bb","og_url":"https:\/\/rapidlakelodge.com\/fr\/tarifs-et-conditions\/","og_site_name":"Rapid Lake Lodge","article_modified_time":"2023-02-20T09:49:30+00:00","twitter_card":"summary_large_image","twitter_misc":{"Dur\u00e9e de lecture estim\u00e9e":"1 minute"},"schema":{"@context":"https:\/\/schema.org","@graph":[{"@type":"WebPage","@id":"https:\/\/rapidlakelodge.com\/fr\/tarifs-et-conditions\/","url":"https:\/\/rapidlakelodge.com\/fr\/tarifs-et-conditions\/","name":"Tarifs et conditions - Rapid Lake Lodge","isPartOf":{"@id":"https:\/\/rapidlakelodge.com\/fr\/#website"},"datePublished":"2023-02-20T09:45:02+00:00","dateModified":"2023-02-20T09:49:30+00:00","breadcrumb":{"@id":"https:\/\/rapidlakelodge.com\/fr\/tarifs-et-conditions\/#breadcrumb"},"inLanguage":"fr-FR","potentialAction":[{"@type":"ReadAction","target":["https:\/\/rapidlakelodge.com\/fr\/tarifs-et-conditions\/"]}]},{"@type":"BreadcrumbList","@id":"https:\/\/rapidlakelodge.com\/fr\/tarifs-et-conditions\/#breadcrumb","itemListElement":[{"@type":"ListItem","position":1,"name":"Home","item":"https:\/\/rapidlakelodge.com\/fr\/"},{"@type":"ListItem","position":2,"name":"Tarifs et conditions"}]},{"@type":"WebSite","@id":"https:\/\/rapidlakelodge.com\/fr\/#website","url":"https:\/\/rapidlakelodge.com\/fr\/","name":"Rapid Lake Lodge","description":"Tourism","publisher":{"@id":"https:\/\/rapidlakelodge.com\/fr\/#organization"},"potentialAction":[{"@type":"SearchAction","target":{"@type":"EntryPoint","urlTemplate":"https:\/\/rapidlakelodge.com\/fr\/?s={search_term_string}"},"query-input":"required name=search_term_string"}],"inLanguage":"fr-FR"},{"@type":"Organization","@id":"https:\/\/rapidlakelodge.com\/fr\/#organization","name":"Rapid Lake Lodge","url":"https:\/\/rapidlakelodge.com\/fr\/","logo":{"@type":"ImageObject","inLanguage":"fr-FR","@id":"https:\/\/rapidlakelodge.com\/fr\/#\/schema\/logo\/image\/","url":"https:\/\/rapidlakelodge.com\/wp-content\/uploads\/2023\/01\/logoweb-RLL-noir.png","contentUrl":"https:\/\/rapidlakelodge.com\/wp-content\/uploads\/2023\/01\/logoweb-RLL-noir.png","width":1920,"height":1080,"caption":"Rapid Lake Lodge"},"image":{"@id":"https:\/\/rapidlakelodge.com\/fr\/#\/schema\/logo\/image\/"}}]}},"_links":{"self":[{"href":"https:\/\/rapidlakelodge.com\/fr\/wp-json\/wp\/v2\/pages\/2697","targetHints":{"allow":["GET"]}}],"collection":[{"href":"https:\/\/rapidlakelodge.com\/fr\/wp-json\/wp\/v2\/pages"}],"about":[{"href":"https:\/\/rapidlakelodge.com\/fr\/wp-json\/wp\/v2\/types\/page"}],"author":[{"embeddable":true,"href":"https:\/\/rapidlakelodge.com\/fr\/wp-json\/wp\/v2\/users\/1"}],"replies":[{"embeddable":true,"href":"https:\/\/rapidlakelodge.com\/fr\/wp-json\/wp\/v2\/comments?post=2697"}],"version-history":[{"count":1,"href":"https:\/\/rapidlakelodge.com\/fr\/wp-json\/wp\/v2\/pages\/2697\/revisions"}],"predecessor-version":[{"id":2698,"href":"https:\/\/rapidlakelodge.com\/fr\/wp-json\/wp\/v2\/pages\/2697\/revisions\/2698"}],"wp:attachment":[{"href":"https:\/\/rapidlakelodge.com\/fr\/wp-json\/wp\/v2\/media?parent=2697"}],"curies":[{"name":"wp","href":"https:\/\/api.w.org\/{rel}","templated":true}]}}